{"id":104,"date":"2022-09-25T17:06:01","date_gmt":"2022-09-25T17:06:01","guid":{"rendered":"https:\/\/eldolo.com\/vendilo\/?page_id=104"},"modified":"2022-09-25T17:22:25","modified_gmt":"2022-09-25T17:22:25","slug":"regole-termini-e-condizioni","status":"publish","type":"page","link":"https:\/\/eldolo.com\/vendilo\/regole-termini-e-condizioni\/","title":{"rendered":"Regole &#8211; Termini e Condizioni"},"content":{"rendered":"<p>[et_pb_section fb_built=&#8221;1&#8243; theme_builder_area=&#8221;post_content&#8221; _builder_version=&#8221;4.18.0&#8243; _module_preset=&#8221;default&#8221;][et_pb_row _builder_version=&#8221;4.18.0&#8243; _module_preset=&#8221;default&#8221; theme_builder_area=&#8221;post_content&#8221;][et_pb_column _builder_version=&#8221;4.18.0&#8243; _module_preset=&#8221;default&#8221; type=&#8221;4_4&#8243; theme_builder_area=&#8221;post_content&#8221;][et_pb_text _builder_version=&#8221;4.18.0&#8243; _module_preset=&#8221;default&#8221; theme_builder_area=&#8221;post_content&#8221; hover_enabled=&#8221;0&#8243; sticky_enabled=&#8221;0&#8243;]<\/p>\n<h1 style=\"text-align: center;\">Regole &#8211; Termini e Condizioni<\/h1>\n<p>[\/et_pb_text][\/et_pb_column][\/et_pb_row][et_pb_row _builder_version=&#8221;4.18.0&#8243; _module_preset=&#8221;default&#8221; theme_builder_area=&#8221;post_content&#8221;][et_pb_column _builder_version=&#8221;4.18.0&#8243; _module_preset=&#8221;default&#8221; type=&#8221;4_4&#8243; theme_builder_area=&#8221;post_content&#8221;][et_pb_text _builder_version=&#8221;4.18.0&#8243; _module_preset=&#8221;default&#8221; theme_builder_area=&#8221;post_content&#8221; hover_enabled=&#8221;0&#8243; sticky_enabled=&#8221;0&#8243;]<\/p>\n<section id=\"g-container-main\" class=\"g-wrapper\">\n<div class=\"g-container\">\n<div class=\"g-grid\">\n<div class=\"g-block equal-height size-100\">\n<section id=\"g-mainbar\">\n<div class=\"g-grid\">\n<div class=\"g-block size-100\">\n<div class=\"g-content\">\n<div class=\"platform-content\">\n<div class=\"item-page\" itemscope=\"\" itemtype=\"http:\/\/schema.org\/Article\">\n<div itemprop=\"articleBody\">\n<p>REGOLAMENTO DEL SITO<\/p>\n<p>Leggere la <a href=\"https:\/\/eldolo.com\/vendilo\/privacy-policy-2\/\" target=\"_blank\" rel=\"noopener\">Privacy Policy<\/a>.<\/p>\n<p>Prima di utilizzare il presente sito web e pubblicare annunci siete pregati di rispettare le seguenti regole:<\/p>\n<p>-Ogni utente registrato che rispetta le regole pu\u00f2 inserire annunci.<br \/>&#8211; Nell\u2019 inserzione \u00e8 Obbligatorio specificare il prezzo di vendita e tutti i dettagli possibili sull&#8217; articolo, foto reali e luogo di vendita, indicando anche la disponibilit\u00e0 alla spedizione.<br \/>&#8211; \u00c8 Vietato pubblicare annunci o foto di sesso esplicito.<br \/>&#8211; \u00c8 Vietato pubblicare annunci di oggetti rubati ed in generale di tutto ci\u00f2 che sia illegale.<br \/>&#8211; \u00c8 vietato pubblicare annunci, commenti o altro comportamento razzista e\/o omofobo.<br \/>-\u00c8 vietato pubblicare annunci o commenti che istigano alla violenza.<br \/>-\u00c8 vietato pubblicare annunci di finanziamenti e prestiti .<br \/>&#8211; Eldolo non accetta pubblicit\u00e0 di nessun tipo, se non prima approvata.<br \/>&#8211; Gli amministratori di Eldolo hanno la possibilit\u00e0 di eliminare senza preavviso annunci che non rispettino il regolamento.<br \/>&#8211; Gli amministratori di Eldolo non si assumono nessun tipo di responsabilit\u00e0 sulle eventuali truffe e\/o comportamenti disonesti di membri del sito ed in generale sul contenuto pubblicato negli annunci dei quali gli utenti stessi sono gli unici responsabili . Preferite se possibile sempre lo scambio a mano. Ove non \u00e8 possibile consigliamo pagamento tramite Paypal oppure pagamento tracciabile, per qualsiasi dubbio, incertezze, che avete non esitate a chiedere, anche prima di pubblicare, vi risponderemo appena possibile.<br \/>&#8211; Nel caso capiti di imbattervi in regole non rispettate siete pregati di segnalarcelo immediatamente in modo da poter intervenire in modo tempestivo.<br \/>&#8211; Utilizzando il sito accettate tutte le suddette regole ed in particolare riconoscete che Eldolo ed i suoi amministratori non sono responsabili degli annunci pubblicati dagli utenti ed ammettete ed assumete la vostra piena responsabilit\u00e0 su ogni annuncio che pubblicate.<\/p>\n<p>Gli Annunci vengono pubblicati in modo automatico e gratuito ed al momento senza scadenza*, ogni opzione a pagamento sar\u00e0 evidenziata durante il processo di pubblicazione con il riepilogo del costo totale, se non avete selezionato opzioni o foto aggiuntive il costo riportato dovr\u00e0 essere uguale a 0.<\/p>\n<p>*Gli annunci potrebbero in seguito essere soggetti a controlli prima della pubblicazione, Alcune categorie ora gratuite potranno essere in futuro soggette ad un contributo, gli annunci ora senza scadenza In seguito avranno una durata, scaduta la quale l&#8217;annuncio potr\u00e0 essere rinnovato.<\/p>\n<p>Elenco dei contenuti vietati che vuole essere pi\u00f9 completo ma non esaustivo: Azioni e altri strumenti finanziari; Armi e oggetti correlati, come le armi da fuoco, parti di armi da fuoco e caricatori, munizioni, fucili ad aria e fucili a pallini, gas lacrimogeni, scosse elettriche, coltelli a serramanico, armi utilizzate nelle arti marziali, soft-air e altre voci simili; Merci pericolose; Contratti; Materiale solo per adulti e pedo-pornografico; Foto di nudo integrale o oscene; Prostituzione; Rilevatori radar o apparecchiature di controllo dei segnali del traffico; Documenti d&#8217;identit\u00e0, patenti di guida, mailing list, informazioni e dati personali; Liste di fornitori ed informazioni su dove o come acquistare prodotti a prezzi speciali o su siti web; Droghe e oggetti legati al consumo di stupefacenti; Apparecchiature di controllo elettronico, come le attrezzature per le intercettazioni telefoniche; Fossili, minerali; Multi Level Marketing, Network Marketing, schemi a Piramide; Oggetti rubati; Oggetti contraffatti e materiale pirata; Tabacchi e sigarette elettroniche; Freon; Arnesi da scasso; Oggetti che incitano alla violenza o all&#8217;intolleranza; Presidi medico chirurgici; Farmaci (con o senza prescrizione medica); Lenti a contatto; Biglietti di lotterie e scommesse; Buoni sconto; Materiale offensivo, inclusa la propaganda neo-nazista e la propaganda dell&#8217;odio razziale; Fuochi d&#8217;artificio, esplosivi e materiale pirotecnico; Mod chip e dischi di avvio; Pesticidi; Distintivi e uniformi della polizia e altre divise ufficiali; Biancheria intima usata; Oggetti pericolosi; Sangue, fluidi corporei, parti del corpo e organi; Software per uso scolastico; Beta Software; OEM Software; Supporti e mezzi per download illegali; Biglietti per spettacoli ed eventi, diversi da quelli da collezione o da quelli consentiti nella sezione &#8220;Regole specifiche per categoria&#8221;; Inserzioni di prevendita; Vendite per catalogo o da altri siti internet.<\/p>\n<p>&nbsp;<\/p>\n<p>Eldolo avr\u00e0 in ogni momento la facolt\u00e0 di modificare queste regole per salvaguardare gli utenti del sito e per migliorarne l&#8217;usabilit\u00e0, gli utenti registrati che non si adegueranno verranno sospesi, chiunque non fosse d&#8217;accordo con le regole del sito \u00e8 libero di non usufruire dei servizi offerti<\/p>\n<p>Buona navigazione<\/p>\n<p>Lo Staff di Eldolo<\/p>\n<\/div>\n<\/div>\n<\/div>\n<\/div>\n<\/div>\n<\/div>\n<\/section>\n<\/div>\n<\/div>\n<\/div>\n<\/section>\n<p>[\/et_pb_text][\/et_pb_column][\/et_pb_row][\/et_pb_section]<\/p>\n","protected":false},"excerpt":{"rendered":"<p>Regole &#8211; Termini e Condizioni REGOLAMENTO DEL SITO Leggere la Privacy Policy. Prima di utilizzare il presente sito web e pubblicare annunci siete pregati di rispettare le seguenti regole: -Ogni utente registrato che rispetta le regole pu\u00f2 inserire annunci.- Nell\u2019 inserzione \u00e8 Obbligatorio specificare il prezzo di vendita e tutti i dettagli possibili sull&#8217; articolo, [&hellip;]<\/p>\n","protected":false},"author":1,"featured_media":0,"parent":0,"menu_order":0,"comment_status":"closed","ping_status":"closed","template":"","meta":{"_et_pb_use_builder":"on","_et_pb_old_content":"<!-- wp:divi\/placeholder \/-->","_et_gb_content_width":"","footnotes":""},"class_list":["post-104","page","type-page","status-publish","hentry"],"yoast_head":"<!-- This site is optimized with the Yoast SEO plugin v23.4 - https:\/\/yoast.com\/wordpress\/plugins\/seo\/ -->\n<title>Regole - Termini e Condizioni - Eldolo<\/title>\n<meta name=\"robots\" content=\"index, follow, max-snippet:-1, max-image-preview:large, max-video-preview:-1\" \/>\n<link rel=\"canonical\" href=\"https:\/\/eldolo.com\/vendilo\/regole-termini-e-condizioni\/\" \/>\n<meta property=\"og:locale\" content=\"it_IT\" \/>\n<meta property=\"og:type\" content=\"article\" \/>\n<meta property=\"og:title\" content=\"Regole - Termini e Condizioni - Eldolo\" \/>\n<meta property=\"og:description\" content=\"Regole - Termini e Condizioni REGOLAMENTO DEL SITO Leggere la Privacy Policy. Prima di utilizzare il presente sito web e pubblicare annunci siete pregati di rispettare le seguenti regole: -Ogni utente registrato che rispetta le regole pu\u00f2 inserire annunci.- Nell\u2019 inserzione \u00e8 Obbligatorio specificare il prezzo di vendita e tutti i dettagli possibili sull&#039; articolo, [&hellip;]\" \/>\n<meta property=\"og:url\" content=\"https:\/\/eldolo.com\/vendilo\/regole-termini-e-condizioni\/\" \/>\n<meta property=\"og:site_name\" content=\"Eldolo\" \/>\n<meta property=\"article:modified_time\" content=\"2022-09-25T17:22:25+00:00\" \/>\n<meta name=\"twitter:card\" content=\"summary_large_image\" \/>\n<script type=\"application\/ld+json\" class=\"yoast-schema-graph\">{\"@context\":\"https:\/\/schema.org\",\"@graph\":[{\"@type\":\"WebPage\",\"@id\":\"https:\/\/eldolo.com\/vendilo\/regole-termini-e-condizioni\/\",\"url\":\"https:\/\/eldolo.com\/vendilo\/regole-termini-e-condizioni\/\",\"name\":\"Regole - Termini e Condizioni - Eldolo\",\"isPartOf\":{\"@id\":\"https:\/\/eldolo.com\/vendilo\/#website\"},\"datePublished\":\"2022-09-25T17:06:01+00:00\",\"dateModified\":\"2022-09-25T17:22:25+00:00\",\"breadcrumb\":{\"@id\":\"https:\/\/eldolo.com\/vendilo\/regole-termini-e-condizioni\/#breadcrumb\"},\"inLanguage\":\"it-IT\",\"potentialAction\":[{\"@type\":\"ReadAction\",\"target\":[\"https:\/\/eldolo.com\/vendilo\/regole-termini-e-condizioni\/\"]}]},{\"@type\":\"BreadcrumbList\",\"@id\":\"https:\/\/eldolo.com\/vendilo\/regole-termini-e-condizioni\/#breadcrumb\",\"itemListElement\":[{\"@type\":\"ListItem\",\"position\":1,\"name\":\"Home\",\"item\":\"https:\/\/eldolo.com\/vendilo\/\"},{\"@type\":\"ListItem\",\"position\":2,\"name\":\"Regole &#8211; Termini e Condizioni\"}]},{\"@type\":\"WebSite\",\"@id\":\"https:\/\/eldolo.com\/vendilo\/#website\",\"url\":\"https:\/\/eldolo.com\/vendilo\/\",\"name\":\"Eldolo\",\"description\":\"Vendilo con Eldolo\",\"potentialAction\":[{\"@type\":\"SearchAction\",\"target\":{\"@type\":\"EntryPoint\",\"urlTemplate\":\"https:\/\/eldolo.com\/vendilo\/?s={search_term_string}\"},\"query-input\":{\"@type\":\"PropertyValueSpecification\",\"valueRequired\":true,\"valueName\":\"search_term_string\"}}],\"inLanguage\":\"it-IT\"}]}<\/script>\n<!-- \/ Yoast SEO plugin. -->","yoast_head_json":{"title":"Regole - Termini e Condizioni - Eldolo","robots":{"index":"index","follow":"follow","max-snippet":"max-snippet:-1","max-image-preview":"max-image-preview:large","max-video-preview":"max-video-preview:-1"},"canonical":"https:\/\/eldolo.com\/vendilo\/regole-termini-e-condizioni\/","og_locale":"it_IT","og_type":"article","og_title":"Regole - Termini e Condizioni - Eldolo","og_description":"Regole - Termini e Condizioni REGOLAMENTO DEL SITO Leggere la Privacy Policy. Prima di utilizzare il presente sito web e pubblicare annunci siete pregati di rispettare le seguenti regole: -Ogni utente registrato che rispetta le regole pu\u00f2 inserire annunci.- Nell\u2019 inserzione \u00e8 Obbligatorio specificare il prezzo di vendita e tutti i dettagli possibili sull' articolo, [&hellip;]","og_url":"https:\/\/eldolo.com\/vendilo\/regole-termini-e-condizioni\/","og_site_name":"Eldolo","article_modified_time":"2022-09-25T17:22:25+00:00","twitter_card":"summary_large_image","schema":{"@context":"https:\/\/schema.org","@graph":[{"@type":"WebPage","@id":"https:\/\/eldolo.com\/vendilo\/regole-termini-e-condizioni\/","url":"https:\/\/eldolo.com\/vendilo\/regole-termini-e-condizioni\/","name":"Regole - Termini e Condizioni - Eldolo","isPartOf":{"@id":"https:\/\/eldolo.com\/vendilo\/#website"},"datePublished":"2022-09-25T17:06:01+00:00","dateModified":"2022-09-25T17:22:25+00:00","breadcrumb":{"@id":"https:\/\/eldolo.com\/vendilo\/regole-termini-e-condizioni\/#breadcrumb"},"inLanguage":"it-IT","potentialAction":[{"@type":"ReadAction","target":["https:\/\/eldolo.com\/vendilo\/regole-termini-e-condizioni\/"]}]},{"@type":"BreadcrumbList","@id":"https:\/\/eldolo.com\/vendilo\/regole-termini-e-condizioni\/#breadcrumb","itemListElement":[{"@type":"ListItem","position":1,"name":"Home","item":"https:\/\/eldolo.com\/vendilo\/"},{"@type":"ListItem","position":2,"name":"Regole &#8211; Termini e Condizioni"}]},{"@type":"WebSite","@id":"https:\/\/eldolo.com\/vendilo\/#website","url":"https:\/\/eldolo.com\/vendilo\/","name":"Eldolo","description":"Vendilo con Eldolo","potentialAction":[{"@type":"SearchAction","target":{"@type":"EntryPoint","urlTemplate":"https:\/\/eldolo.com\/vendilo\/?s={search_term_string}"},"query-input":{"@type":"PropertyValueSpecification","valueRequired":true,"valueName":"search_term_string"}}],"inLanguage":"it-IT"}]}},"_links":{"self":[{"href":"https:\/\/eldolo.com\/vendilo\/wp-json\/wp\/v2\/pages\/104","targetHints":{"allow":["GET"]}}],"collection":[{"href":"https:\/\/eldolo.com\/vendilo\/wp-json\/wp\/v2\/pages"}],"about":[{"href":"https:\/\/eldolo.com\/vendilo\/wp-json\/wp\/v2\/types\/page"}],"author":[{"embeddable":true,"href":"https:\/\/eldolo.com\/vendilo\/wp-json\/wp\/v2\/users\/1"}],"replies":[{"embeddable":true,"href":"https:\/\/eldolo.com\/vendilo\/wp-json\/wp\/v2\/comments?post=104"}],"version-history":[{"count":4,"href":"https:\/\/eldolo.com\/vendilo\/wp-json\/wp\/v2\/pages\/104\/revisions"}],"predecessor-version":[{"id":124,"href":"https:\/\/eldolo.com\/vendilo\/wp-json\/wp\/v2\/pages\/104\/revisions\/124"}],"wp:attachment":[{"href":"https:\/\/eldolo.com\/vendilo\/wp-json\/wp\/v2\/media?parent=104"}],"curies":[{"name":"wp","href":"https:\/\/api.w.org\/{rel}","templated":true}]}}